{"id":169,"date":"2015-02-03T13:07:45","date_gmt":"2015-02-03T13:07:45","guid":{"rendered":"http:\/\/www.construccionespucon.cl\/web\/?page_id=169"},"modified":"2016-05-12T15:41:45","modified_gmt":"2016-05-12T15:41:45","slug":"casa-anita-trufulco","status":"publish","type":"page","link":"https:\/\/construccionespucon.cl\/?page_id=169","title":{"rendered":"Casa &#8211; UNDA"},"content":{"rendered":"<p>[vc_row][vc_column][vc_single_image image=\u00bb1918&#8243; img_size=\u00bb1600&#215;600&#8243;][\/vc_column][\/vc_row][vc_row][vc_column width=\u00bb1\/4&#8243;][vc_gallery type=\u00bbflexslider_slide\u00bb interval=\u00bb5&#8243; images=\u00bb1892,1872,1871,1870,1869,1868&#8243; img_size=\u00bb300&#215;300&#8243; onclick=\u00bb\u00bb][vc_column_text]Propietario:Anita Unda<br \/>\nSuperficie construida:\u00a0120m2<br \/>\nUbicaci\u00f3n:\u00a0Trufulco, Puc\u00f3n<\/p>\n<p>.[\/vc_column_text][\/vc_column][vc_column width=\u00bb3\/4&#8243;][vc_column_text]<\/p>\n<p>La casa se encuentra en una zono rural y esta ubicada en el centro del terreno, la disposici\u00f3n longitudinal de los espacios aprovecha la orientacion (N) y las visuales hacia el parque y la montana. Tiene 4 dormitorios, 3 ba\u00f1os, 1 cocina amplia y 1 living comedor vinculado a la terraza exterior.<\/p>\n<p>[\/vc_column_text][vc_column_text]<\/p>\n<h3>\u00abLa casa es amplia y acogedora, nos gusta pasar mucho tiempo en ella porque los ambientes son grandes, luminosos y cada uno tiene su espacio personal.<\/h3>\n<h3>La construcci\u00f3n fue dentro de los tiempos establecidos. Acudimos nuevamente a la empresa cuando hicimos la ampliaci\u00f3n y durante el a\u00f1o para hacer mantenimiento general.\u00bb<\/h3>\n<p>[\/vc_column_text][vc_column_text]<\/p>\n<p>La galeria en L en la esquina del living\/comedor ampl\u00eda \u00e9stos espacios y los vincula con el extenso parque de 1ha. El techo de la cocina cuenta con una superficie transparente que le otorga luminocidad y calidez durante todas las horas de sol economizando energia el\u00e9ctrica.<\/p>\n<p>[\/vc_column_text][\/vc_column][\/vc_row]<\/p>\n","protected":false},"excerpt":{"rendered":"<p>[vc_row][vc_column][vc_single_image image=\u00bb1918&#8243; img_size=\u00bb1600&#215;600&#8243;][\/vc_column][\/vc_row][vc_row][vc_column width=\u00bb1\/4&#8243;][vc_gallery type=\u00bbflexslider_slide\u00bb interval=\u00bb5&#8243; images=\u00bb1892,1872,1871,1870,1869,1868&#8243; img_size=\u00bb300&#215;300&#8243; onclick=\u00bb\u00bb][vc_column_text]Propietario:Anita Unda Superficie construida:\u00a0120m2 Ubicaci\u00f3n:\u00a0Trufulco, Puc\u00f3n .[\/vc_column_text][\/vc_column][vc_column width=\u00bb3\/4&#8243;][vc_column_text] La casa se encuentra en una zono rural y&#8230;<\/p>\n<p class=\"readmore\"><a class=\"more-btn\" href=\"https:\/\/construccionespucon.cl\/?page_id=169\">Read More<\/a><\/p>\n","protected":false},"author":1,"featured_media":0,"parent":0,"menu_order":0,"comment_status":"open","ping_status":"open","template":"","meta":{"footnotes":""},"class_list":["post-169","page","type-page","status-publish","hentry"],"_links":{"self":[{"href":"https:\/\/construccionespucon.cl\/index.php?rest_route=\/wp\/v2\/pages\/169","targetHints":{"allow":["GET"]}}],"collection":[{"href":"https:\/\/construccionespucon.cl\/index.php?rest_route=\/wp\/v2\/pages"}],"about":[{"href":"https:\/\/construccionespucon.cl\/index.php?rest_route=\/wp\/v2\/types\/page"}],"author":[{"embeddable":true,"href":"https:\/\/construccionespucon.cl\/index.php?rest_route=\/wp\/v2\/users\/1"}],"replies":[{"embeddable":true,"href":"https:\/\/construccionespucon.cl\/index.php?rest_route=%2Fwp%2Fv2%2Fcomments&post=169"}],"version-history":[{"count":3,"href":"https:\/\/construccionespucon.cl\/index.php?rest_route=\/wp\/v2\/pages\/169\/revisions"}],"predecessor-version":[{"id":2126,"href":"https:\/\/construccionespucon.cl\/index.php?rest_route=\/wp\/v2\/pages\/169\/revisions\/2126"}],"wp:attachment":[{"href":"https:\/\/construccionespucon.cl\/index.php?rest_route=%2Fwp%2Fv2%2Fmedia&parent=169"}],"curies":[{"name":"wp","href":"https:\/\/api.w.org\/{rel}","templated":true}]}}